{"id":1880,"date":"2022-07-07T22:09:20","date_gmt":"2022-07-07T20:09:20","guid":{"rendered":"https:\/\/wp6.powered-by-mm.com\/locations\/"},"modified":"2023-01-12T15:21:11","modified_gmt":"2023-01-12T14:21:11","slug":"locations","status":"publish","type":"page","link":"https:\/\/www.interrail.ag\/en\/locations\/","title":{"rendered":"Locations"},"content":{"rendered":"\t\t<div data-elementor-type=\"wp-page\" data-elementor-id=\"1880\" class=\"elementor elementor-1880 elementor-999\">\n\t\t\t\t\t\t<section class=\"elementor-section elementor-top-section elementor-element elementor-element-386d1b16 elementor-section-full_width elementor-section-height-min-height elementor-section-stretched elementor-section-height-default elementor-section-items-middle\" data-id=\"386d1b16\" data-element_type=\"section\" data-settings=\"{&quot;stretch_section&quot;:&quot;section-stretched&quot;,&quot;jet_parallax_layout_list&quot;:[]}\">\n\t\t\t\t\t\t\t<div class=\"elementor-background-overlay\"><\/div>\n\t\t\t\t\t\t\t<div class=\"elementor-container elementor-column-gap-default\">\n\t\t\t\t\t<div class=\"elementor-column elementor-col-100 elementor-top-column elementor-element elementor-element-12c044c2\" data-id=\"12c044c2\" data-element_type=\"column\">\n\t\t\t<div class=\"elementor-widget-wrap\">\n\t\t\t\t\t\t\t<\/div>\n\t\t<\/div>\n\t\t\t\t\t<\/div>\n\t\t<\/section>\n\t\t\t\t<section class=\"elementor-section elementor-top-section elementor-element elementor-element-252c209 standorte elementor-section-boxed elementor-section-height-default elementor-section-height-default\" data-id=\"252c209\" data-element_type=\"section\" data-settings=\"{&quot;jet_parallax_layout_list&quot;:[]}\">\n\t\t\t\t\t\t<div class=\"elementor-container elementor-column-gap-default\">\n\t\t\t\t\t<div class=\"elementor-column elementor-col-100 elementor-top-column elementor-element elementor-element-0542d24\" data-id=\"0542d24\" data-element_type=\"column\">\n\t\t\t<div class=\"elementor-widget-wrap elementor-element-populated\">\n\t\t\t\t\t\t<div class=\"elementor-element elementor-element-e0bb545 elementor-widget elementor-widget-raven-posts\" data-id=\"e0bb545\" data-element_type=\"widget\" data-settings=\"{&quot;classic_columns&quot;:&quot;4&quot;,&quot;query_posts_per_page&quot;:50,&quot;classic_show_sortable&quot;:&quot;yes&quot;,&quot;_skin&quot;:&quot;classic&quot;,&quot;classic_layout&quot;:&quot;grid&quot;,&quot;classic_columns_tablet&quot;:&quot;2&quot;,&quot;classic_columns_mobile&quot;:&quot;1&quot;,&quot;query_offset&quot;:0}\" data-widget_type=\"raven-posts.classic\">\n\t\t\t\t<div class=\"elementor-widget-container\">\n\t\t\t\t\t<div class=\"raven-sortable\">\n\t\t\t<div class=\"raven-sortable-items\">\n\t\t\t\t<a class=\"raven-sortable-item\" data-category=\"70\" href=\"#\">Austria<\/a><a class=\"raven-sortable-item\" data-category=\"62\" href=\"#\">China<\/a><a class=\"raven-sortable-item\" data-category=\"63\" href=\"#\">Germany<\/a><a class=\"raven-sortable-item\" data-category=\"64\" href=\"#\">India<\/a><a class=\"raven-sortable-item\" data-category=\"65\" href=\"#\">Kazakhstan<\/a><a class=\"raven-sortable-item\" data-category=\"66\" href=\"#\">Poland<\/a><a class=\"raven-sortable-item\" data-category=\"67\" href=\"#\">Russia<\/a><a class=\"raven-sortable-item\" data-category=\"68\" href=\"#\">Switzerland<\/a><a class=\"raven-sortable-item\" data-category=\"96\" href=\"#\">Turkey<\/a><a class=\"raven-sortable-item\" data-category=\"103\" href=\"#\">Turkmenistan<\/a><a class=\"raven-sortable-item\" data-category=\"69\" href=\"#\">Uzbekistan<\/a>\t\t\t<\/div>\n\t\t<\/div>\n\t\t\t\t<div class=\"raven-posts raven-grid raven-grid-4 raven-grid-mobile-1 raven-grid-tablet-2\" data-post-id=\"1880\" data-archive-query=\"\" data-lang=\"\">\n\t\t\t\t<div class=\"raven-grid-item raven-post-item post-2136 portfolio type-portfolio status-publish hentry portfolio_category-austria\">\n\t\t\t<div class=\"raven-post\">\n\t\t\t\t\t\t\t\t<div class=\"raven-post-content\">\n\t\t\t\t\t<p class=\"raven-post-title\"><a class=\"raven-post-title-link\" href=\"https:\/\/www.interrail.ag\/en\/portfolio\/vienna\/\">Austria \/ Vienna<\/a><\/p><p>InterRail Europe GmbH<br \/>\nVienna Branch<br \/>\nHeiligenst\u00e4dter Stra\u00dfe 31\/1\/402<br \/>\n1190 Vienna<br \/>\nPhone: +49 69 756 63 04-0<br \/>\n<a href=\"mailto:ir**@**************pe.de\" data-original-string=\"pyaFVYRfpNomv8wjZa52\/Q==910kkqBDCGlUUBZ9os3tmNtrpch9bfyJOiRVNGsTkuyrsQ=\" title=\"This contact has been encoded by Anti-Spam by CleanTalk. Click to decode. To finish the decoding make sure that JavaScript is enabled in your browser.\"><span \n                data-original-string='AwQ4IK9CYZbOICKdS7yz\/w==910T5dVNcF8w4mCHe1YLRec9u1WXmKklmoIDoHB9rp2S24='\n                class='apbct-email-encoder'\n                title='This contact has been encoded by Anti-Spam by CleanTalk. Click to decode. To finish the decoding make sure that JavaScript is enabled in your browser.'>ir<span class=\"apbct-blur\">**<\/span>@<span class=\"apbct-blur\">**************<\/span>pe.de<\/span><\/a><\/p>\n<div class=\"raven-post-excerpt\"><\/div>\t\t\t\t<\/div>\n\t\t\t<\/div>\n\t\t<\/div>\n\t\t\t\t<div class=\"raven-grid-item raven-post-item post-2241 portfolio type-portfolio status-publish hentry portfolio_category-china-en\">\n\t\t\t<div class=\"raven-post\">\n\t\t\t\t\t\t\t\t<div class=\"raven-post-content\">\n\t\t\t\t\t<p class=\"raven-post-title\"><a class=\"raven-post-title-link\" href=\"https:\/\/www.interrail.ag\/en\/portfolio\/beijing\/\">China \/ Beijing<\/a><\/p><p>InterRail (Shanghai) Ltd.<br \/>\nDE1-013 Floor 8,<br \/>\nNo.18 Xiaguangli Chaoyang<br \/>\nDistrict Beijing China<br \/>\nBeijing 100027<br \/>\nPhone: +86 10 6380 0920<br \/>\n<a href=\"mailto:in*****@*******il.ag\" data-original-string=\"UioLDIfNU9QV+v2qwbHblg==910bbfXA9Xtjdf9qq8\/US\/iRbDUvXjcStMaKR32F0NfVxQ=\" title=\"This contact has been encoded by Anti-Spam by CleanTalk. Click to decode. To finish the decoding make sure that JavaScript is enabled in your browser.\"><span \n                data-original-string='3ACHn1YpfQEb\/Ael0re4mw==910dI\/ggAqRBzcpNtmxBE2yp9dveBA2JnWNSXkJNXHAeQA='\n                class='apbct-email-encoder'\n                title='This contact has been encoded by Anti-Spam by CleanTalk. Click to decode. To finish the decoding make sure that JavaScript is enabled in your browser.'>in<span class=\"apbct-blur\">*****<\/span>@<span class=\"apbct-blur\">*******<\/span>il.ag<\/span><\/a><\/p>\n<div class=\"raven-post-excerpt\"><\/div>\t\t\t\t<\/div>\n\t\t\t<\/div>\n\t\t<\/div>\n\t\t\t\t<div class=\"raven-grid-item raven-post-item post-2234 portfolio type-portfolio status-publish hentry portfolio_category-germany\">\n\t\t\t<div class=\"raven-post\">\n\t\t\t\t\t\t\t\t<div class=\"raven-post-content\">\n\t\t\t\t\t<p class=\"raven-post-title\"><a class=\"raven-post-title-link\" href=\"https:\/\/www.interrail.ag\/en\/portfolio\/frankfurt-main\/\">Germany \/ Frankfurt a. Main<\/a><\/p><p>InterRail Europe GmbH<br \/>An der Mainkur 9a<br \/>60386 Frankfurt\/Main<br \/>Phone: +49 69 756 63 04-0<br \/><a href=\"mailto:ir**@**************pe.de\" data-original-string=\"c+o1F5yQLDoZ5L0ltVlVeg==910Ddn9gWz67wyVQ3t126bPAovbC6QVtXbJDMSTrChMDxA=\" title=\"This contact has been encoded by Anti-Spam by CleanTalk. Click to decode. To finish the decoding make sure that JavaScript is enabled in your browser.\"><span \n                data-original-string='a5DYjIGLomtZZP8YmkLkBA==910sdXomP7oIp5PgELtDk+A1RV12KkQ9f2b0ovgYXxbhSI='\n                class='apbct-email-encoder'\n                title='This contact has been encoded by Anti-Spam by CleanTalk. Click to decode. To finish the decoding make sure that JavaScript is enabled in your browser.'>ir<span class=\"apbct-blur\">**<\/span>@<span class=\"apbct-blur\">**************<\/span>pe.de<\/span><\/a><\/p>\n\n\n<p><strong><a href=\"https:\/\/www.interrail.ag\/wp-content\/uploads\/2024\/12\/AGB-IREU_DE.pdf\">AGB InterRail Europe GmbH<\/a><\/strong><br><strong><a href=\"https:\/\/www.interrail.ag\/wp-content\/uploads\/2024\/12\/AGB-IREU_-EN.pdf\">GTC InterRail Europe GmbH<\/a><\/strong><\/p>\n\n\n\n<p><\/p>\n<div class=\"raven-post-excerpt\"><\/div>\t\t\t\t<\/div>\n\t\t\t<\/div>\n\t\t<\/div>\n\t\t\t\t<div class=\"raven-grid-item raven-post-item post-2230 portfolio type-portfolio status-publish hentry portfolio_category-india\">\n\t\t\t<div class=\"raven-post\">\n\t\t\t\t\t\t\t\t<div class=\"raven-post-content\">\n\t\t\t\t\t<p class=\"raven-post-title\"><a class=\"raven-post-title-link\" href=\"https:\/\/www.interrail.ag\/en\/portfolio\/mumbai\/\">India \/ Mumbai<\/a><\/p><p>InterRail India Pvt. Ltd.<br \/>\nSuite no 302\/303, B wing, Sagar Tech Plaza,<br \/>\nAndheri-Kurla Road, Sakinaka.<br \/>\n400072 Mumbai<br \/>\nPhone: +91 022 4295 1564<br \/>\n<a href=\"mailto:in*****@*******il.ag\" data-original-string=\"mAAqkqsa4ZLkvUw1CwO3Jw==910Dx6G4+edsRTNZT23Ba3wG7ZXEF2awUesoOAqSuyB014=\" title=\"This contact has been encoded by Anti-Spam by CleanTalk. Click to decode. To finish the decoding make sure that JavaScript is enabled in your browser.\"><span \n                data-original-string='2HmdT9nZHeefH4oUpdWatg==910jNQIyQsQ3jmHCifXvTVBWgWDz2L6LmQTGwhxRraiRYE='\n                class='apbct-email-encoder'\n                title='This contact has been encoded by Anti-Spam by CleanTalk. Click to decode. To finish the decoding make sure that JavaScript is enabled in your browser.'>in<span class=\"apbct-blur\">*****<\/span>@<span class=\"apbct-blur\">*******<\/span>il.ag<\/span><\/a><\/p>\n<div class=\"raven-post-excerpt\"><\/div>\t\t\t\t<\/div>\n\t\t\t<\/div>\n\t\t<\/div>\n\t\t\t\t<div class=\"raven-grid-item raven-post-item post-2213 portfolio type-portfolio status-publish hentry portfolio_category-kazakhstan\">\n\t\t\t<div class=\"raven-post\">\n\t\t\t\t\t\t\t\t<div class=\"raven-post-content\">\n\t\t\t\t\t<p class=\"raven-post-title\"><a class=\"raven-post-title-link\" href=\"https:\/\/www.interrail.ag\/en\/portfolio\/almaty\/\">Kazakhstan \/ Almaty<\/a><\/p><p>InterRail Kazakhstan LLC<br \/>\n86 bldg., Gogol Str., office 108,<br \/>\nBusiness Center &#8220;Kazakhstan Zholdary&#8221;, 1st floor<br \/>\n050000 Almaty<br \/>\nPhone: +7 7272 79 32 00<br \/>\n<a href=\"mailto:in*****@*******il.ag\" data-original-string=\"ABOBAhZ2GhSTXc1BfdrDKg==910wuP3CoJO4pP85uxP\/i4kStMM+ynVF6YHtYKUXWKlUJc=\" title=\"This contact has been encoded by Anti-Spam by CleanTalk. Click to decode. To finish the decoding make sure that JavaScript is enabled in your browser.\"><span \n                data-original-string='pS7XxjFhkcMfhb\/z4EKpPg==910sI067njL31KFL\/\/pcl4loZ3RfmebCp25dwEKUHgvFj8='\n                class='apbct-email-encoder'\n                title='This contact has been encoded by Anti-Spam by CleanTalk. Click to decode. To finish the decoding make sure that JavaScript is enabled in your browser.'>in<span class=\"apbct-blur\">*****<\/span>@<span class=\"apbct-blur\">*******<\/span>il.ag<\/span><\/a><\/p>\n<div class=\"raven-post-excerpt\"><\/div>\t\t\t\t<\/div>\n\t\t\t<\/div>\n\t\t<\/div>\n\t\t\t\t<div class=\"raven-grid-item raven-post-item post-2192 portfolio type-portfolio status-publish hentry portfolio_category-poland\">\n\t\t\t<div class=\"raven-post\">\n\t\t\t\t\t\t\t\t<div class=\"raven-post-content\">\n\t\t\t\t\t<p class=\"raven-post-title\"><a class=\"raven-post-title-link\" href=\"https:\/\/www.interrail.ag\/en\/portfolio\/warschau\/\">Poland \/ Warszawa<\/a><\/p><p>InterRail-Polcont Sp.z o.o.<br \/>\nul. Wilcza 33 lok. 3,<br \/>\n00-544 Warszawa<br \/>\nPhone: +48 22 622 59 88<br \/>\n<a href=\"mailto:in*****@*******il.ag\" data-original-string=\"YmqqsNPVTBLYmza2opD7AA==910gm1oNEsLyLakAdK\/nouTfkx+Q3v7lOAZTzxsVCMsAHI=\" title=\"This contact has been encoded by Anti-Spam by CleanTalk. Click to decode. To finish the decoding make sure that JavaScript is enabled in your browser.\"><span \n                data-original-string='bMBzzRmavzgG07lmBI4DXA==910EBY99XNrHAUYhMqdsucSdGt4NB9juycxvq9VT9zzwXc='\n                class='apbct-email-encoder'\n                title='This contact has been encoded by Anti-Spam by CleanTalk. Click to decode. To finish the decoding make sure that JavaScript is enabled in your browser.'>in<span class=\"apbct-blur\">*****<\/span>@<span class=\"apbct-blur\">*******<\/span>il.ag<\/span><\/a><\/p>\n<div class=\"raven-post-excerpt\"><\/div>\t\t\t\t<\/div>\n\t\t\t<\/div>\n\t\t<\/div>\n\t\t\t\t<div class=\"raven-grid-item raven-post-item post-2135 portfolio type-portfolio status-publish hentry portfolio_category-russia\">\n\t\t\t<div class=\"raven-post\">\n\t\t\t\t\t\t\t\t<div class=\"raven-post-content\">\n\t\t\t\t\t<p class=\"raven-post-title\"><a class=\"raven-post-title-link\" href=\"https:\/\/www.interrail.ag\/en\/portfolio\/moskau\/\">Russia \/ Moscow<\/a><\/p><p>InterRail Service LLC<br \/>5\/6, Nizhnaya Krasnoselskaya str.<br \/>107140 Moscow<br \/>Phone: +7 495 737 37 13<br \/><a href=\"mailto:sa***@*******il.ru\" data-original-string=\"cc4M\/dYZwvmfJhxUG+NaBw==910gWKxNnmYJebShjdRElO90lrz0COl5Hp4bGg5+\/B3pr8=\" title=\"This contact has been encoded by Anti-Spam by CleanTalk. Click to decode. To finish the decoding make sure that JavaScript is enabled in your browser.\"><span \n                data-original-string='I5RIatILX\/QsiUB+\/O412g==910yAfTVonU7rww64nIayuY4Y8u8iSdPWZXQPkkHTLBjSM='\n                class='apbct-email-encoder'\n                title='This contact has been encoded by Anti-Spam by CleanTalk. Click to decode. To finish the decoding make sure that JavaScript is enabled in your browser.'>sa<span class=\"apbct-blur\">***<\/span>@<span class=\"apbct-blur\">*******<\/span>il.ru<\/span><\/a><\/p>\n\n\n<p><\/p>\n<div class=\"raven-post-excerpt\"><\/div>\t\t\t\t<\/div>\n\t\t\t<\/div>\n\t\t<\/div>\n\t\t\t\t<div class=\"raven-grid-item raven-post-item post-2164 portfolio type-portfolio status-publish hentry portfolio_category-switzerland\">\n\t\t\t<div class=\"raven-post\">\n\t\t\t\t\t\t\t\t<div class=\"raven-post-content\">\n\t\t\t\t\t<p class=\"raven-post-title\"><a class=\"raven-post-title-link\" href=\"https:\/\/www.interrail.ag\/en\/portfolio\/st-gallen-2\/\">Switzerland \/ St. Gallen<\/a><\/p><p>InterRail Services AG<br \/>\nWinkelriedstrasse 19<br \/>\n9000 St. Gallen<br \/>\nPhone: +41 71 227 15 40<br \/>\n<a href=\"mailto:in**@*******il.ag\" data-original-string=\"cSI9E+Jgy3JbCkkfpNkV6g==910Ez6TfCynJAG7780j+\/iHyMPIE3Esli9hDUaBfRSG5MY=\" title=\"This contact has been encoded by Anti-Spam by CleanTalk. Click to decode. To finish the decoding make sure that JavaScript is enabled in your browser.\"><span \n                data-original-string='o7PxFAuEGIxR2sBS9B4SQw==910IJ1tLMtsxMyPbXjNIBTVSeAWPYMS+H3NCBrUP0iE2dA='\n                class='apbct-email-encoder'\n                title='This contact has been encoded by Anti-Spam by CleanTalk. Click to decode. To finish the decoding make sure that JavaScript is enabled in your browser.'>in<span class=\"apbct-blur\">**<\/span>@<span class=\"apbct-blur\">*******<\/span>il.ag<\/span><\/a><\/p>\n<div class=\"raven-post-excerpt\"><\/div>\t\t\t\t<\/div>\n\t\t\t<\/div>\n\t\t<\/div>\n\t\t\t\t<div class=\"raven-grid-item raven-post-item post-2167 portfolio type-portfolio status-publish hentry portfolio_category-switzerland\">\n\t\t\t<div class=\"raven-post\">\n\t\t\t\t\t\t\t\t<div class=\"raven-post-content\">\n\t\t\t\t\t<p class=\"raven-post-title\"><a class=\"raven-post-title-link\" href=\"https:\/\/www.interrail.ag\/en\/portfolio\/st-gallen\/\">Switzerland \/ St. Gallen<\/a><\/p><p>InterRail Holding AG<br \/>\nWinkelriedstrasse 19<br \/>\n9000 St. Gallen<br \/>\nPhone: +41 71 227 15 40<br \/>\n<a href=\"mailto:in**@*******il.ag\" data-original-string=\"CBrOrXSvfqgVNVJogbaXhA==910w6vM+lY\/CVjv6mbHC8nhX1TYjf0aDS8W8+nRO7N5Blo=\" title=\"This contact has been encoded by Anti-Spam by CleanTalk. Click to decode. To finish the decoding make sure that JavaScript is enabled in your browser.\"><span \n                data-original-string='OZGLYo+531dyHiqus9cKhg==9107bn5Jh1Ppxg7tyEFmkSc5HZ81tBOhEzYdQ7fMZ9QWQs='\n                class='apbct-email-encoder'\n                title='This contact has been encoded by Anti-Spam by CleanTalk. Click to decode. To finish the decoding make sure that JavaScript is enabled in your browser.'>in<span class=\"apbct-blur\">**<\/span>@<span class=\"apbct-blur\">*******<\/span>il.ag<\/span><\/a><\/p>\n<div class=\"raven-post-excerpt\"><\/div>\t\t\t\t<\/div>\n\t\t\t<\/div>\n\t\t<\/div>\n\t\t\t\t<div class=\"raven-grid-item raven-post-item post-4310 portfolio type-portfolio status-publish hentry portfolio_category-turkey\">\n\t\t\t<div class=\"raven-post\">\n\t\t\t\t\t\t\t\t<div class=\"raven-post-content\">\n\t\t\t\t\t<p class=\"raven-post-title\"><a class=\"raven-post-title-link\" href=\"https:\/\/www.interrail.ag\/en\/portfolio\/istanbul\/\">Turkey \/ Istanbul<\/a><\/p><p>InterRail Uluslararas\u0131 Nakliyat ve Loj.Hizm. T.A.\u015e.<br \/>\nBarbaros Mahallesi Mor S\u00fcmb\u00fcl Sokak<br \/>\nVaryap Meridian No:1<br \/>\n\u0130\u00e7 Kap\u0131 No: 200-213<br \/>\n34746 Ata\u015fehir \u2013 \u0130stanbul<br \/>\nPhone: +90 545 187 71 00<br \/>\n<a href=\"mailto:in*****@*******il.ag\" data-original-string=\"Jt76ae4Z\/GBFgSGoqh4Rng==910ciU3WTKqQ+hzIwwUD4C9ArG1A5SrSEks8bzRsc6W5+E=\" title=\"This contact has been encoded by Anti-Spam by CleanTalk. Click to decode. To finish the decoding make sure that JavaScript is enabled in your browser.\"><span \n                data-original-string='nVpQ7MSuYvBhJVIncwZrcg==9106ZthC1ibzsUqGZtBU0lUGOiZFwARRJST4WcPAP1lYMg='\n                class='apbct-email-encoder'\n                title='This contact has been encoded by Anti-Spam by CleanTalk. Click to decode. To finish the decoding make sure that JavaScript is enabled in your browser.'>in<span class=\"apbct-blur\">*****<\/span>@<span class=\"apbct-blur\">*******<\/span>il.ag<\/span><\/a><\/p>\n<div class=\"raven-post-excerpt\"><\/div>\t\t\t\t<\/div>\n\t\t\t<\/div>\n\t\t<\/div>\n\t\t\t\t<div class=\"raven-grid-item raven-post-item post-4547 portfolio type-portfolio status-publish hentry portfolio_category-turkmenistan-en\">\n\t\t\t<div class=\"raven-post\">\n\t\t\t\t\t\t\t\t<div class=\"raven-post-content\">\n\t\t\t\t\t<p class=\"raven-post-title\"><a class=\"raven-post-title-link\" href=\"https:\/\/www.interrail.ag\/en\/portfolio\/turkmenistan-ashgabat\/\">Turkmenistan \/ Ashgabat<\/a><\/p>\n<p>InterRail Services AG<br>Delegation Office Turkmenistan<br>Phone: +993 611 011 98<br><a href=\"mailto:Ma************@*******il.ag\" data-original-string=\"y9BNkq0ng68IrSRZKb4rQg==910cfkWShHNLJijpSxi8e6lhCNc+e8u2nTbarvfdsanXyQ=\" title=\"This contact has been encoded by Anti-Spam by CleanTalk. Click to decode. To finish the decoding make sure that JavaScript is enabled in your browser.\"><span \n                data-original-string='bDwi6BlBXF02RsfgWzh5LQ==910jn0VhZX6cASTD8zcYFpS2Ro3f0OddubwciuyhaVM1wE='\n                class='apbct-email-encoder'\n                title='This contact has been encoded by Anti-Spam by CleanTalk. Click to decode. To finish the decoding make sure that JavaScript is enabled in your browser.'>ma<span class=\"apbct-blur\">************<\/span>@<span class=\"apbct-blur\">*******<\/span>il.ag<\/span><\/a><\/p>\n<div class=\"raven-post-excerpt\"><\/div>\t\t\t\t<\/div>\n\t\t\t<\/div>\n\t\t<\/div>\n\t\t\t\t<div class=\"raven-grid-item raven-post-item post-2154 portfolio type-portfolio status-publish hentry portfolio_category-uzbekistan\">\n\t\t\t<div class=\"raven-post\">\n\t\t\t\t\t\t\t\t<div class=\"raven-post-content\">\n\t\t\t\t\t<p class=\"raven-post-title\"><a class=\"raven-post-title-link\" href=\"https:\/\/www.interrail.ag\/en\/portfolio\/tashkent\/\">Uzbekistan \/ Tashkent<\/a><\/p><p>InterRail CA LLC<br \/>\n2 Rakat Bashi Street<br \/>\nYakkasaray District<br \/>\n100031 Tashkent<br \/>\nPhone: +998 55 506 56 00<br \/>\n<a href=\"mailto:in*****@*******il.ag\" data-original-string=\"fivpxxDeQ55VZxPVUP+5Ew==910nZqonZvf6Def1aLIGwnOaOVuEURxhL3SMI1agA61hxA=\" title=\"This contact has been encoded by Anti-Spam by CleanTalk. Click to decode. To finish the decoding make sure that JavaScript is enabled in your browser.\"><span \n                data-original-string='HBksrnyUmVY5R20bBBAD6A==910l73bd+VaoUzfQklPTukh1lq+NYh4UmY5PSnIPit+Pe4='\n                class='apbct-email-encoder'\n                title='This contact has been encoded by Anti-Spam by CleanTalk. Click to decode. To finish the decoding make sure that JavaScript is enabled in your browser.'>in<span class=\"apbct-blur\">*****<\/span>@<span class=\"apbct-blur\">*******<\/span>il.ag<\/span><\/a><\/p>\n<div class=\"raven-post-excerpt\"><\/div>\t\t\t\t<\/div>\n\t\t\t<\/div>\n\t\t<\/div>\n\t\t\t\t<\/div>\n\t\t\t\t<\/div>\n\t\t\t\t<\/div>\n\t\t\t\t\t<\/div>\n\t\t<\/div>\n\t\t\t\t\t<\/div>\n\t\t<\/section>\n\t\t\t\t<\/div>\n\t\t","protected":false},"excerpt":{"rendered":"<p>AustriaBelarusChinaGermanyIndiaKazachstanPolandRussiaSwitzerlandUkraineUzbekistan Ahmedabad InterRail India Pvt. Ltd. 701-B, 7th Floor, Sakar 9, Near Old RBI Ashram Road 380009 Ahmedabad Phone : +91 91 52 73 01 25 in*****@*******il.ag Almaty InterRail Kazakhstan LLC 86 bldg., Gogol Str., office 108, Business Center \u201eKazakhstan Zholdary\u201c, 1st floor 050000 Almaty phone: +7 7272 79 32 00 fax: +7 7272 79 [&hellip;]<\/p>\n","protected":false},"author":2,"featured_media":0,"parent":0,"menu_order":0,"comment_status":"closed","ping_status":"closed","template":"","meta":{"_acf_changed":false,"footnotes":""},"class_list":["post-1880","page","type-page","status-publish","hentry"],"acf":[],"_links":{"self":[{"href":"https:\/\/www.interrail.ag\/en\/wp-json\/wp\/v2\/pages\/1880","targetHints":{"allow":["GET"]}}],"collection":[{"href":"https:\/\/www.interrail.ag\/en\/wp-json\/wp\/v2\/pages"}],"about":[{"href":"https:\/\/www.interrail.ag\/en\/wp-json\/wp\/v2\/types\/page"}],"author":[{"embeddable":true,"href":"https:\/\/www.interrail.ag\/en\/wp-json\/wp\/v2\/users\/2"}],"replies":[{"embeddable":true,"href":"https:\/\/www.interrail.ag\/en\/wp-json\/wp\/v2\/comments?post=1880"}],"version-history":[{"count":14,"href":"https:\/\/www.interrail.ag\/en\/wp-json\/wp\/v2\/pages\/1880\/revisions"}],"predecessor-version":[{"id":3333,"href":"https:\/\/www.interrail.ag\/en\/wp-json\/wp\/v2\/pages\/1880\/revisions\/3333"}],"wp:attachment":[{"href":"https:\/\/www.interrail.ag\/en\/wp-json\/wp\/v2\/media?parent=1880"}],"curies":[{"name":"wp","href":"https:\/\/api.w.org\/{rel}","templated":true}]}}